{"id":21,"date":"2017-05-17T20:05:01","date_gmt":"2017-05-17T20:05:01","guid":{"rendered":"https:\/\/fineshine.ee\/?page_id=21"},"modified":"2025-05-13T10:54:14","modified_gmt":"2025-05-13T07:54:14","slug":"blogi","status":"publish","type":"page","link":"https:\/\/fineshine.ee\/en\/blogi\/","title":{"rendered":"Blogi"},"content":{"rendered":"<p>Tere tulemast Fine Shine <strong data-start=\"1265\" data-end=\"1286\">autopesu blogisse<\/strong> \u2013 siit leiad professionaalsed n\u00f5uanded, n\u00e4iteid meie t\u00f6\u00f6dest ja soovitusi auto parimaks hoolduseks.<\/p>","protected":false},"excerpt":{"rendered":"<p>Tere tulemast Fine Shine autopesu blogisse \u2013 siit leiad professionaalsed n\u00f5uanded, n\u00e4iteid meie t\u00f6\u00f6dest ja soovitusi auto parimaks hoolduseks.<\/p>","protected":false},"author":1,"featured_media":13910,"parent":0,"menu_order":0,"comment_status":"closed","ping_status":"closed","template":"page-templates\/blog.php","meta":{"om_disable_all_campaigns":false,"_monsterinsights_skip_tracking":false,"_monsterinsights_sitenote_active":false,"_monsterinsights_sitenote_note":"","_monsterinsights_sitenote_category":0,"footnotes":""},"class_list":["post-21","page","type-page","status-publish","has-post-thumbnail","hentry"],"aioseo_notices":[],"_links":{"self":[{"href":"https:\/\/fineshine.ee\/en\/wp-json\/wp\/v2\/pages\/21","targetHints":{"allow":["GET"]}}],"collection":[{"href":"https:\/\/fineshine.ee\/en\/wp-json\/wp\/v2\/pages"}],"about":[{"href":"https:\/\/fineshine.ee\/en\/wp-json\/wp\/v2\/types\/page"}],"author":[{"embeddable":true,"href":"https:\/\/fineshine.ee\/en\/wp-json\/wp\/v2\/users\/1"}],"replies":[{"embeddable":true,"href":"https:\/\/fineshine.ee\/en\/wp-json\/wp\/v2\/comments?post=21"}],"version-history":[{"count":0,"href":"https:\/\/fineshine.ee\/en\/wp-json\/wp\/v2\/pages\/21\/revisions"}],"wp:featuredmedia":[{"embeddable":true,"href":"https:\/\/fineshine.ee\/en\/wp-json\/wp\/v2\/media\/13910"}],"wp:attachment":[{"href":"https:\/\/fineshine.ee\/en\/wp-json\/wp\/v2\/media?parent=21"}],"curies":[{"name":"wp","href":"https:\/\/api.w.org\/{rel}","templated":true}]}}