{"id":2253,"date":"2017-09-16T19:23:00","date_gmt":"2017-09-16T19:23:00","guid":{"rendered":"https:\/\/fineshine.ee\/?page_id=2253"},"modified":"2025-08-28T10:13:47","modified_gmt":"2025-08-28T07:13:47","slug":"kkk","status":"publish","type":"page","link":"https:\/\/fineshine.ee\/en\/kkk\/","title":{"rendered":"FAQ"},"content":{"rendered":"<div class=\"wpb-content-wrapper\"><section class=\"vc_section\"><div class=\"vc_row wpb_row vc_row-fluid\"><div class=\"wpb_column vc_column_container vc_col-sm-4\"><div class=\"vc_column-inner\"><div class=\"wpb_wrapper\"><div class=\"heading header-subheader align-left subcolor-main transform-default theme-icon-second icon-type-hidden   vc_custom_1719140900786 heading-tag-h4\" id=\"like_sc_header_743806238\"><h4 class=\"header ltx-sr-id-like_sc_header_7438062381373153443 ltx-sr ltx-sr-effect-fade_in ltx-sr-el-block ltx-sr-delay-0 ltx-sr-duration-1000 ltx-sr-sequences-0\">Didn't find an answer to your question?<\/h4><\/div><div class=\"es-resp\">\t<div class=\"visible-xl\" style=\"height: 32px;\"><\/div>\t<div class=\"hidden-xl hidden-md hidden-sm hidden-ms hidden-xs\" style=\"height: 32px;\"><\/div>\t<div class=\"visible-md\" style=\"height: 32px;\"><\/div>\t<div class=\"visible-sm\" style=\"height: 32px;\"><\/div>\t<div class=\"visible-ms\" style=\"height: 32px;\"><\/div>\t<div class=\"visible-xs\" style=\"height: 32px;\"><\/div><\/div>\n\t<div class=\"wpb_text_column wpb_content_element\" >\n\t\t<div class=\"wpb_wrapper\">\n\t\t\t<p>Write to us or call us!<\/p>\n\n\t\t<\/div>\n\t<\/div>\n<div class=\"es-resp\">\t<div class=\"visible-xl\" style=\"height: 48px;\"><\/div>\t<div class=\"hidden-xl hidden-md hidden-sm hidden-ms hidden-xs\" style=\"height: 48px;\"><\/div>\t<div class=\"visible-md\" style=\"height: 48px;\"><\/div>\t<div class=\"visible-sm\" style=\"height: 48px;\"><\/div>\t<div class=\"visible-ms\" style=\"height: 48px;\"><\/div>\t<div class=\"visible-xs\" style=\"height: 48px;\"><\/div><\/div><ul class=\"ltx-block-icon  icons-count-2 align-left ltx-icon-color-main ltx-icon-size-sm ltx-header-color-default ltx-icon-type-transparent ltx-bg-color-transparent layout-cols1 ltx-icon-h-right\" ><li ><a href=\"#\"   class=\"in\"><span class=\"ltx-icon fas fa-phone-alt bg-transparent\"><\/span> <h6 class=\"header\"> +372 5780 9825 <\/h6> <\/a><\/li><li ><a href=\"#\"   class=\"in\"><span class=\"ltx-icon fas fa-envelope bg-transparent\"><\/span> <h6 class=\"header\"> info@fineshine.ee <\/h6> <\/a><\/li><\/ul><\/div><\/div><\/div><div class=\"wpb_column vc_column_container vc_col-sm-8\"><div class=\"vc_column-inner\"><div class=\"wpb_wrapper\"><div class=\"vc_tta-container\" data-vc-action=\"collapse\"><div class=\"vc_general vc_tta vc_tta-accordion vc_tta-color-grey vc_tta-style-classic vc_tta-shape-rounded vc_tta-o-shape-group vc_tta-controls-align-default\"><div class=\"vc_tta-panels-container\"><div class=\"vc_tta-panels\"><div class=\"vc_tta-panel vc_active\" id=\"1568282635582-254bfc81-ee9c\" data-vc-content=\".vc_tta-panel-body\"><div class=\"vc_tta-panel-heading\"><h4 class=\"vc_tta-panel-title vc_tta-controls-icon-position-left\"><a href=\"#1568282635582-254bfc81-ee9c\" data-vc-accordion data-vc-container=\".vc_tta-container\"><span class=\"vc_tta-title-text\">What payment methods do you accept?<\/span><i class=\"vc_tta-controls-icon vc_tta-controls-icon-plus\"><\/i><\/a><\/h4><\/div><div class=\"vc_tta-panel-body\">\n\t<div class=\"wpb_text_column wpb_content_element\" >\n\t\t<div class=\"wpb_wrapper\">\n\t\t\t<ul class=\"disc\">\n<li>We accept cash and bank transfers.<\/li>\n<\/ul>\n\n\t\t<\/div>\n\t<\/div>\n<\/div><\/div><div class=\"vc_tta-panel\" id=\"1568284227046-386cc7c0-717d\" data-vc-content=\".vc_tta-panel-body\"><div class=\"vc_tta-panel-heading\"><h4 class=\"vc_tta-panel-title vc_tta-controls-icon-position-left\"><a href=\"#1568284227046-386cc7c0-717d\" data-vc-accordion data-vc-container=\".vc_tta-container\"><span class=\"vc_tta-title-text\">How does mobile car wash work?<\/span><i class=\"vc_tta-controls-icon vc_tta-controls-icon-plus\"><\/i><\/a><\/h4><\/div><div class=\"vc_tta-panel-body\">\n\t<div class=\"wpb_text_column wpb_content_element\" >\n\t\t<div class=\"wpb_wrapper\">\n\t\t\t<ul class=\"disc\">\n<li>We come to a location that suits the customer in Tallinn and Harjumaa.<\/li>\n<li>Customer has to provide us with water and electricity.<\/li>\n<\/ul>\n\n\t\t<\/div>\n\t<\/div>\n<\/div><\/div><div class=\"vc_tta-panel\" id=\"1568284226766-7bb39ae6-4ed5\" data-vc-content=\".vc_tta-panel-body\"><div class=\"vc_tta-panel-heading\"><h4 class=\"vc_tta-panel-title vc_tta-controls-icon-position-left\"><a href=\"#1568284226766-7bb39ae6-4ed5\" data-vc-accordion data-vc-container=\".vc_tta-container\"><span class=\"vc_tta-title-text\">Do I need to do anything before your arrival?<\/span><i class=\"vc_tta-controls-icon vc_tta-controls-icon-plus\"><\/i><\/a><\/h4><\/div><div class=\"vc_tta-panel-body\">\n\t<div class=\"wpb_text_column wpb_content_element\" >\n\t\t<div class=\"wpb_wrapper\">\n\t\t\t<ul class=\"disc\">\n<li>For interior cleaning, the car doors need to be unlocked.<\/li>\n<\/ul>\n\n\t\t<\/div>\n\t<\/div>\n<\/div><\/div><div class=\"vc_tta-panel\" id=\"1568284226631-feb6af68-7330\" data-vc-content=\".vc_tta-panel-body\"><div class=\"vc_tta-panel-heading\"><h4 class=\"vc_tta-panel-title vc_tta-controls-icon-position-left\"><a href=\"#1568284226631-feb6af68-7330\" data-vc-accordion data-vc-container=\".vc_tta-container\"><span class=\"vc_tta-title-text\">Do you offer any discounts or loyalty programs?<\/span><i class=\"vc_tta-controls-icon vc_tta-controls-icon-plus\"><\/i><\/a><\/h4><\/div><div class=\"vc_tta-panel-body\">\n\t<div class=\"wpb_text_column wpb_content_element\" >\n\t\t<div class=\"wpb_wrapper\">\n\t\t\t<ul class=\"disc\">\n<li>We offer a 10% discount on all washes for loyalty program members, provided to the customers who use our services at least once a month.<\/li>\n<li>The discount also applies to loyal customers who order more than one car wash. The more cars, the lower the price.<\/li>\n<\/ul>\n\n\t\t<\/div>\n\t<\/div>\n<\/div><\/div><div class=\"vc_tta-panel\" id=\"1568284226489-ec9522b4-13e2\" data-vc-content=\".vc_tta-panel-body\"><div class=\"vc_tta-panel-heading\"><h4 class=\"vc_tta-panel-title vc_tta-controls-icon-position-left\"><a href=\"#1568284226489-ec9522b4-13e2\" data-vc-accordion data-vc-container=\".vc_tta-container\"><span class=\"vc_tta-title-text\">Can you remove scratches and dents?<\/span><i class=\"vc_tta-controls-icon vc_tta-controls-icon-plus\"><\/i><\/a><\/h4><\/div><div class=\"vc_tta-panel-body\">\n\t<div class=\"wpb_text_column wpb_content_element\" >\n\t\t<div class=\"wpb_wrapper\">\n\t\t\t<ul class=\"disc\">\n<li>We offer the removal of lighter scratches through polishing.<\/li>\n<li>We do not currently offer dent removal.<\/li>\n<\/ul>\n\n\t\t<\/div>\n\t<\/div>\n<\/div><\/div><div class=\"vc_tta-panel\" id=\"1568284226339-4e5e5c4a-5269\" data-vc-content=\".vc_tta-panel-body\"><div class=\"vc_tta-panel-heading\"><h4 class=\"vc_tta-panel-title vc_tta-controls-icon-position-left\"><a href=\"#1568284226339-4e5e5c4a-5269\" data-vc-accordion data-vc-container=\".vc_tta-container\"><span class=\"vc_tta-title-text\">What is your booking cancellation policy?<\/span><i class=\"vc_tta-controls-icon vc_tta-controls-icon-plus\"><\/i><\/a><\/h4><\/div><div class=\"vc_tta-panel-body\">\n\t<div class=\"wpb_text_column wpb_content_element\" >\n\t\t<div class=\"wpb_wrapper\">\n\t\t\t<ul class=\"disc\">\n<li>To cancel a booking, please notify us at least 12 hours in advance.<\/li>\n<li>In case of no-show or cancellation with less than 12 hours\u2019 notice, Fine Shine O\u00dc may charge the customer up to 100% of the ordered wash price as a penalty.<\/li>\n<li>The booking can be canceled via email or by calling +372 5780 9825.<\/li>\n<\/ul>\n\n\t\t<\/div>\n\t<\/div>\n<\/div><\/div><div class=\"vc_tta-panel\" id=\"1568284226049-95265b22-84ac\" data-vc-content=\".vc_tta-panel-body\"><div class=\"vc_tta-panel-heading\"><h4 class=\"vc_tta-panel-title vc_tta-controls-icon-position-left\"><a href=\"#1568284226049-95265b22-84ac\" data-vc-accordion data-vc-container=\".vc_tta-container\"><span class=\"vc_tta-title-text\">How can I make a booking?<\/span><i class=\"vc_tta-controls-icon vc_tta-controls-icon-plus\"><\/i><\/a><\/h4><\/div><div class=\"vc_tta-panel-body\">\n\t<div class=\"wpb_text_column wpb_content_element\" >\n\t\t<div class=\"wpb_wrapper\">\n\t\t\t<ul class=\"disc\">\n<li>Booking can be made by contacting us: info@fineshine.ee or +372 5780 9825<\/li>\n<\/ul>\n\n\t\t<\/div>\n\t<\/div>\n<\/div><\/div><div class=\"vc_tta-panel\" id=\"1568284225685-b895cc46-5e9f\" data-vc-content=\".vc_tta-panel-body\"><div class=\"vc_tta-panel-heading\"><h4 class=\"vc_tta-panel-title vc_tta-controls-icon-position-left\"><a href=\"#1568284225685-b895cc46-5e9f\" data-vc-accordion data-vc-container=\".vc_tta-container\"><span class=\"vc_tta-title-text\">What if I am not satisfied with the service?<\/span><i class=\"vc_tta-controls-icon vc_tta-controls-icon-plus\"><\/i><\/a><\/h4><\/div><div class=\"vc_tta-panel-body\">\n\t<div class=\"wpb_text_column wpb_content_element\" >\n\t\t<div class=\"wpb_wrapper\">\n\t\t\t<ul class=\"disc\">\n<li>We offer a satisfaction guarantee \u2013 if you are not happy with the service, we will fix it on-site free of charge.<\/li>\n<\/ul>\n\n\t\t<\/div>\n\t<\/div>\n<\/div><\/div><div class=\"vc_tta-panel\" id=\"1568284224811-fae3d4fc-25e6\" data-vc-content=\".vc_tta-panel-body\"><div class=\"vc_tta-panel-heading\"><h4 class=\"vc_tta-panel-title vc_tta-controls-icon-position-left\"><a href=\"#1568284224811-fae3d4fc-25e6\" data-vc-accordion data-vc-container=\".vc_tta-container\"><span class=\"vc_tta-title-text\">What products do you use?<\/span><i class=\"vc_tta-controls-icon vc_tta-controls-icon-plus\"><\/i><\/a><\/h4><\/div><div class=\"vc_tta-panel-body\">\n\t<div class=\"wpb_text_column wpb_content_element\" >\n\t\t<div class=\"wpb_wrapper\">\n\t\t\t<ul class=\"disc\">\n<li>We use the most highly rated car detailing products from various brands, such as Gyeon, CarPro, Auto Finesse, Meguiar's, and more.<\/li>\n<\/ul>\n\n\t\t<\/div>\n\t<\/div>\n<\/div><\/div><div class=\"vc_tta-panel\" id=\"1568284293268-17744cba-3217\" data-vc-content=\".vc_tta-panel-body\"><div class=\"vc_tta-panel-heading\"><h4 class=\"vc_tta-panel-title vc_tta-controls-icon-position-left\"><a href=\"#1568284293268-17744cba-3217\" data-vc-accordion data-vc-container=\".vc_tta-container\"><span class=\"vc_tta-title-text\">How much do your services cost?<\/span><i class=\"vc_tta-controls-icon vc_tta-controls-icon-plus\"><\/i><\/a><\/h4><\/div><div class=\"vc_tta-panel-body\">\n\t<div class=\"wpb_text_column wpb_content_element\" >\n\t\t<div class=\"wpb_wrapper\">\n\t\t\t<ul class=\"disc\">\n<li>The prices of services depend on the vehicle and its body type. The price varies based on the level of dirt on the car. You can find more details on prices and services <em><strong><a href=\"https:\/\/fineshine.ee\/en\/teenused\/\">HERE<\/a><\/strong><\/em><\/li>\n<\/ul>\n\n\t\t<\/div>\n\t<\/div>\n<\/div><\/div><\/div><\/div><\/div><\/div><\/div><\/div><\/div><\/div><\/section>\n<\/div>","protected":false},"excerpt":{"rendered":"Ei leidnud k\u00fcsimusele vastust? Kirjuta v\u00f5i helista meile! +372 5780 9825 info@fineshine.ee Milliseid makseviise te aktsepteerite? Aktsepteerime sularaha ning panga\u00fclekannet. Kuidas toimub mobiilne autopesu? Tuleme kliendile sobivasse asukohta Tallinnas ja Harjumaal. Kliendi poolt on vajalik meile anda vesi ja elekter. Kas mul on vaja midagi teha enne teie kohalej\u00f5udmist? Sisepesu puhul oleks vaja, et auto uksed oleksid lukust lahti. Kas pakute mingeid soodustusi v\u00f5i p\u00fcsikliendiprogramme? Pakume p\u00fcsikliendi programmidelt -10% k\u00f5ikidelt pesudelt, eeldusel, et klient kasutab meie teenuseid v\u00e4hemalt korra kuus Soodustus lisandub ka lojaalsetele klientidele, kes tellivad rohkem, kui \u00fche auto pesu. Mida rohkem autosid, seda soodsam hind. Kas te [...]","protected":false},"author":1,"featured_media":13513,"parent":0,"menu_order":0,"comment_status":"closed","ping_status":"closed","template":"page-templates\/full-width.php","meta":{"om_disable_all_campaigns":false,"_monsterinsights_skip_tracking":false,"_monsterinsights_sitenote_active":false,"_monsterinsights_sitenote_note":"","_monsterinsights_sitenote_category":0,"footnotes":""},"class_list":["post-2253","page","type-page","status-publish","has-post-thumbnail","hentry"],"aioseo_notices":[],"_links":{"self":[{"href":"https:\/\/fineshine.ee\/en\/wp-json\/wp\/v2\/pages\/2253","targetHints":{"allow":["GET"]}}],"collection":[{"href":"https:\/\/fineshine.ee\/en\/wp-json\/wp\/v2\/pages"}],"about":[{"href":"https:\/\/fineshine.ee\/en\/wp-json\/wp\/v2\/types\/page"}],"author":[{"embeddable":true,"href":"https:\/\/fineshine.ee\/en\/wp-json\/wp\/v2\/users\/1"}],"replies":[{"embeddable":true,"href":"https:\/\/fineshine.ee\/en\/wp-json\/wp\/v2\/comments?post=2253"}],"version-history":[{"count":2,"href":"https:\/\/fineshine.ee\/en\/wp-json\/wp\/v2\/pages\/2253\/revisions"}],"predecessor-version":[{"id":14193,"href":"https:\/\/fineshine.ee\/en\/wp-json\/wp\/v2\/pages\/2253\/revisions\/14193"}],"wp:featuredmedia":[{"embeddable":true,"href":"https:\/\/fineshine.ee\/en\/wp-json\/wp\/v2\/media\/13513"}],"wp:attachment":[{"href":"https:\/\/fineshine.ee\/en\/wp-json\/wp\/v2\/media?parent=2253"}],"curies":[{"name":"wp","href":"https:\/\/api.w.org\/{rel}","templated":true}]}}