{"id":735,"date":"2017-07-23T20:39:38","date_gmt":"2017-07-23T20:39:38","guid":{"rendered":"https:\/\/fineshine.ee\/?page_id=735"},"modified":"2024-08-02T07:44:29","modified_gmt":"2024-08-02T04:44:29","slug":"tiim","status":"publish","type":"page","link":"https:\/\/fineshine.ee\/en\/tiim\/","title":{"rendered":"Team"},"content":{"rendered":"<div class=\"wpb-content-wrapper\"><div data-vc-full-width=\"true\" data-vc-full-width-init=\"false\" class=\"vc_row wpb_row vc_row-fluid vc_custom_1578583018394 vc_row-has-fill\"><div class=\"wpb_column vc_column_container vc_col-sm-12\"><div class=\"vc_column-inner\"><div class=\"wpb_wrapper\"><div class=\"team-sc  row centered\"  id=\"like_sc_team_slider_1039524469\"><div class=\"col-lg-3 col-md-6 col-sm-6\t col-ms-12\"><div class=\"team-item item item-type-static\"><a href=\"https:\/\/fineshine.ee\/en\/team\/mathias\/\" class=\"image\"><img decoding=\"async\" width=\"2268\" height=\"4032\" data-src=\"https:\/\/fineshine.ee\/wp-content\/uploads\/2024\/06\/FullSizeRender.jpeg\" class=\"attachment-full size-full lazyload\" alt=\"Mathias profiilipilt\" data-srcset=\"https:\/\/fineshine.ee\/wp-content\/uploads\/2024\/06\/FullSizeRender.jpeg 2268w, https:\/\/fineshine.ee\/wp-content\/uploads\/2024\/06\/FullSizeRender-169x300.jpeg 169w, https:\/\/fineshine.ee\/wp-content\/uploads\/2024\/06\/FullSizeRender-576x1024.jpeg 576w, https:\/\/fineshine.ee\/wp-content\/uploads\/2024\/06\/FullSizeRender-768x1365.jpeg 768w, https:\/\/fineshine.ee\/wp-content\/uploads\/2024\/06\/FullSizeRender-864x1536.jpeg 864w, https:\/\/fineshine.ee\/wp-content\/uploads\/2024\/06\/FullSizeRender-1152x2048.jpeg 1152w, https:\/\/fineshine.ee\/wp-content\/uploads\/2024\/06\/FullSizeRender-360x640.jpeg 360w, https:\/\/fineshine.ee\/wp-content\/uploads\/2024\/06\/FullSizeRender-600x1067.jpeg 600w, https:\/\/fineshine.ee\/wp-content\/uploads\/2024\/06\/FullSizeRender-450x800.jpeg 450w, https:\/\/fineshine.ee\/wp-content\/uploads\/2024\/06\/FullSizeRender-309x550.jpeg 309w\" data-sizes=\"(max-width: 2268px) 100vw, 2268px\" src=\"data:image\/svg+xml;base64,PHN2ZyB3aWR0aD0iMSIgaGVpZ2h0PSIxIiB4bWxucz0iaHR0cDovL3d3dy53My5vcmcvMjAwMC9zdmciPjwvc3ZnPg==\" style=\"--smush-placeholder-width: 2268px; --smush-placeholder-aspect-ratio: 2268\/4032;\" \/><\/a><div class=\"descr\"><a href=\"https:\/\/fineshine.ee\/en\/team\/mathias\/\"><h5 class=\"header\">Mathias<\/h5><\/a><p class=\"subheader\">CEO, Detailer<\/p><\/div><\/div><\/div><div class=\"col-lg-3 col-md-6 col-sm-6\t col-ms-12\"><div class=\"team-item item item-type-static\"><a href=\"https:\/\/fineshine.ee\/en\/team\/lisanne\/\" class=\"image\"><img decoding=\"async\" width=\"2136\" height=\"3797\" data-src=\"https:\/\/fineshine.ee\/wp-content\/uploads\/2017\/09\/IMG_3861-1.jpg\" class=\"attachment-full size-full lazyload\" alt=\"\" data-srcset=\"https:\/\/fineshine.ee\/wp-content\/uploads\/2017\/09\/IMG_3861-1.jpg 2136w, https:\/\/fineshine.ee\/wp-content\/uploads\/2017\/09\/IMG_3861-1-169x300.jpg 169w, https:\/\/fineshine.ee\/wp-content\/uploads\/2017\/09\/IMG_3861-1-576x1024.jpg 576w, https:\/\/fineshine.ee\/wp-content\/uploads\/2017\/09\/IMG_3861-1-768x1365.jpg 768w, https:\/\/fineshine.ee\/wp-content\/uploads\/2017\/09\/IMG_3861-1-864x1536.jpg 864w, https:\/\/fineshine.ee\/wp-content\/uploads\/2017\/09\/IMG_3861-1-1152x2048.jpg 1152w, https:\/\/fineshine.ee\/wp-content\/uploads\/2017\/09\/IMG_3861-1-360x640.jpg 360w, https:\/\/fineshine.ee\/wp-content\/uploads\/2017\/09\/IMG_3861-1-600x1067.jpg 600w, https:\/\/fineshine.ee\/wp-content\/uploads\/2017\/09\/IMG_3861-1-450x800.jpg 450w, https:\/\/fineshine.ee\/wp-content\/uploads\/2017\/09\/IMG_3861-1-309x550.jpg 309w\" data-sizes=\"(max-width: 2136px) 100vw, 2136px\" src=\"data:image\/svg+xml;base64,PHN2ZyB3aWR0aD0iMSIgaGVpZ2h0PSIxIiB4bWxucz0iaHR0cDovL3d3dy53My5vcmcvMjAwMC9zdmciPjwvc3ZnPg==\" style=\"--smush-placeholder-width: 2136px; --smush-placeholder-aspect-ratio: 2136\/3797;\" \/><\/a><div class=\"descr\"><a href=\"https:\/\/fineshine.ee\/en\/team\/lisanne\/\"><h5 class=\"header\">Lisanne<\/h5><\/a><p class=\"subheader\">Detailer<\/p><\/div><\/div><\/div><\/div><\/div><\/div><\/div><\/div><div class=\"vc_row-full-width vc_clearfix\"><\/div>\n<\/div>","protected":false},"excerpt":{"rendered":"Broneeri Lisanne Detailer Olen autoentusiast, kellel on kahe aasta pikkune kogemus autode detailingu alal. Ma naudin seda protsessi, sest tulemused on kohesed ja motiveerivad. Lisaks olen omandanud autotehnika ja diagnostika alase hariduse, mis on andnud mulle p\u00f5hjalikud teadmised autode kohta. Hobikorras tegelen oma projektiautodega, kus saan oma kirge ja oskusi veelgi arendada. Detailingu ja tehniliste teadmiste kombinatsioon v\u00f5imaldab mul l\u00e4heneda autodega t\u00f6\u00f6tamisele terviklikult, p\u00f6\u00f6rates t\u00e4helepanu nii visuaalsetele detailidele kui ka mehaanilistele n\u00fcanssidele. See on midagi, mida t\u00f5eliselt naudin ja iga projekt pakub uusi v\u00e4ljakutseid ning v\u00f5imalusi \u00f5ppimiseks.","protected":false},"author":1,"featured_media":0,"parent":0,"menu_order":0,"comment_status":"closed","ping_status":"closed","template":"","meta":{"om_disable_all_campaigns":false,"_monsterinsights_skip_tracking":false,"_monsterinsights_sitenote_active":false,"_monsterinsights_sitenote_note":"","_monsterinsights_sitenote_category":0,"footnotes":""},"class_list":["post-735","page","type-page","status-publish","hentry","has-post-thumbnail"],"aioseo_notices":[],"_links":{"self":[{"href":"https:\/\/fineshine.ee\/en\/wp-json\/wp\/v2\/pages\/735","targetHints":{"allow":["GET"]}}],"collection":[{"href":"https:\/\/fineshine.ee\/en\/wp-json\/wp\/v2\/pages"}],"about":[{"href":"https:\/\/fineshine.ee\/en\/wp-json\/wp\/v2\/types\/page"}],"author":[{"embeddable":true,"href":"https:\/\/fineshine.ee\/en\/wp-json\/wp\/v2\/users\/1"}],"replies":[{"embeddable":true,"href":"https:\/\/fineshine.ee\/en\/wp-json\/wp\/v2\/comments?post=735"}],"version-history":[{"count":0,"href":"https:\/\/fineshine.ee\/en\/wp-json\/wp\/v2\/pages\/735\/revisions"}],"wp:attachment":[{"href":"https:\/\/fineshine.ee\/en\/wp-json\/wp\/v2\/media?parent=735"}],"curies":[{"name":"wp","href":"https:\/\/api.w.org\/{rel}","templated":true}]}}